{"id":19,"date":"2024-10-28T08:46:37","date_gmt":"2024-10-28T07:46:37","guid":{"rendered":"https:\/\/www.asae.it\/?page_id=19"},"modified":"2024-10-28T10:37:09","modified_gmt":"2024-10-28T09:37:09","slug":"statuto","status":"publish","type":"page","link":"https:\/\/www.asae.it\/index.php\/statuto\/","title":{"rendered":"Statuto"},"content":{"rendered":"<h3 align=\"center\"><strong>Statuto dell\u2019A.S.A.E.<\/strong><\/h3>\n<h4 style=\"text-align: center;\"><strong>ASSOCIAZIONE SINDACALE DEGLI AUTORI ED EDITORI<\/strong><\/h4>\n<p align=\"center\"><strong>art.1<\/strong><\/p>\n<p>\u00c8 costituita l\u2019Associazione Sindacale Autori ed Editori (A.S.A.E.).<br \/>\nL\u2019associazione ha sede in Milano, c\/o Mogavero Piazza Prealpi 4\u00a0 \u2013 20155 Milano<\/p>\n<p align=\"center\"><strong>art.2<\/strong><\/p>\n<p>a) Possono far parte della A.S.A.E. Enti, Associazioni, Comitati e singole persone che intendono con la propria presenza nell\u2019organico difendere i diritti di categoria degli autori di opere dell\u2019ingegno in genere e impedire discriminazioni di ogni genere e favorire la divulgazione delle opere dell\u2019ingegno.<br \/>\nb) Possono altres\u00ec far parte dell\u2019associazione anche soggetti (cittadini o stranieri) i quali per competenza o prestigio professionale, culturale o scientifico sono in grado di apportare un effettivo contributo al perseguimento delle finalit\u00e0 statutarie.<\/p>\n<p align=\"center\"><strong>art.3<\/strong><\/p>\n<p>L\u2019associazione \u00e8 NON A SCOPO DI LUCRO e mira al perseguimento delle seguenti finalit\u00e0:<br \/>\na) agire contro le discriminazioni di ogni tipo e livello a danno degli aventi diritto alla tutela delle proprie opere nel campo letterario, grafico, musicale a titolo indicativo comunque fonte di creazione artistica propria;<br \/>\nb) contribuire alla divulgazione delle opere stesse in tutto il mondo tramite tutti gli organi sociali disponibili;<br \/>\nc) tutelare con ogni mezzo legittimo la difesa dei diritti di categoria degli associati dei quali l\u2019associazione ne assume la rappresentanza anche in ambito comunitario e internazionale purch\u00e9 non in contrasto con le legislazioni dei paesi non comunitari.<\/p>\n<p align=\"center\"><strong>art.4<\/strong><\/p>\n<p>In un quadro di trasparente coerenza con le finalit\u00e0 statutarie ed i principi ispiratori l\u2019A.S.A.E. assicura:<br \/>\n\u2013 un costante flusso di informazioni tra i soci;<br \/>\n\u2013 favorisce e promuove occasioni di incontro per lo scambio di opinioni e di esperienze e per l\u2019approfondimento e le discussioni dei temi di interesse associativo;<br \/>\n\u2013 diffonde ogni opportuna notizia in ordine alle proprie attivit\u00e0;<br \/>\n\u2013 raccoglie, ordina ed elabora dati, documenti o valutazioni riguardo alle iniziative amministrative, culturali e politiche che interessano la difesa dei diritti di categoria degli autori di opere dell\u2019ingegno;<br \/>\n\u2013 promuove ed effettua studi e ricerche sui temi che interessano le finalit\u00e0 proprie e di quelle delle associazioni aderenti;<br \/>\n\u2013 collabora con enti pubblici e privati anche a livello internazionale sul piano della documentazione, della ricerca, della promozione e programmazione di attivit\u00e0 inerenti a finalit\u00e0 statutarie;<br \/>\n\u2013 promuove ogni utile iniziativa per impedire e prevenire lo sfruttamento abusivo delle opere dell\u2019ingegno e del loro autore, ad ogni titolo ed ad ogni livello;<br \/>\n\u2013 promuove iniziative per disciplinare il settore pubblico e privato nello sfruttamento delle opere dell\u2019ingegno al fine di garantire gli interessi degli associati e degli autori in genere in ordine alla reale possibilit\u00e0 degli interessati di difendere giudiziariamente, sia come singoli che come gruppi, i loro interessi;<br \/>\n\u2013 promuove l\u2019indizione di referendum abrogativi o consultivi aventi ad oggetto l\u2019attuazione delle finalit\u00e0 statutarie e coopera con altre associazioni e soggetti a promuovere i suddetti referendum.<\/p>\n<p align=\"center\"><strong>art.5<\/strong><\/p>\n<p>L\u2019A.S.A.E. promuove ogni iniziativa legale volta al perseguimento delle finalit\u00e0 proprie e di quelle dei singoli associati allo scopo di tutelare gli interessi generali di tutti i, propri associati e gli interessi specifici di ogni singolo socio visto il parere della commissione.<\/p>\n<p align=\"center\"><strong>art.6<\/strong><\/p>\n<p>Sono organi dell\u2019associazione:<br \/>\n\u2013 l\u2019assemblea dei rappresentanti degli Enti, Associazioni, Comitati e dei soci individuali dell\u2019A.S.A.E.;<br \/>\n\u2013 il Comitato esecutivo;<br \/>\n\u2013 il Presidente;<br \/>\n\u2013 il Segretario Generale;<br \/>\n-il Vice Segretario;<br \/>\n\u2013 il Collegio dei Revisori.<\/p>\n<p align=\"center\"><strong>art.7<\/strong><\/p>\n<p>L\u2019Assemblea e composta dagli Enti, Associazioni e Comitati aderenti all\u2019A.S.A.E. e dai soci individuali.<br \/>\nEssa e convocata dal Presidente e si riunisce almeno una volta ogni semestre ovvero ogni qualvolta il Comitato Esecutivo lo ritenga opportuno o quando ne faccia richiesta almeno un decimo degli associati.<br \/>\nL\u2019assemblea \u00e8 validamente costituita in prima convocazione con la presenza della maggioranza degli iscritti e in seconda convocazione con la presenza del 20% (venti per cento) degli iscritti e delibera a maggioranza dei presenti a scrutinio palese, se un terzo dei partecipanti non richieda lo scrutinio segreto. Ogni associato pu\u00f2 farsi rappresentare per delega alle assemblee solo da altro associato, ma ogni associato non potr\u00e0 rappresentare pi\u00f9 di dieci associati.<\/p>\n<p align=\"center\"><strong>art.8<\/strong><\/p>\n<p>L\u2019Assemblea stabilisce le direttive generali per il perseguimento delle finalit\u00e0 statutarie.<br \/>\nElegge con separate votazioni il Presidente, il Comitato Esecutivo, il Segretario Generale, il Collegio dei revisori. Delibera in merito alle proposte formulate dal Comitato Esecutivo nonch\u00e9 in merito alle proposte di modifica dello statuto. Approva il bilancio consuntivo e preventivo.<\/p>\n<p align=\"center\"><strong>art.9<\/strong><\/p>\n<p>Il Comitato Esecutivo e composto dal Presidente e da almeno quattro componenti eletti tra i rappresentanti degli Enti, Associazioni e Comitati aderenti nonch\u00e9 tra i singoli associati.<br \/>\nEsso dura in carica per un triennio e i suoi membri decadono automaticamente dalla carica se non intervengono a tre riunioni.<br \/>\nEsso \u00e8 convocato dal Presidente ogni volta che il medesimo lo ritenga opportuno o quando lo richiedano i 3\/5 (tre quinti) dei suoi componenti.<br \/>\nIl Comitato Esecutivo delibera a maggioranza dei suoi membri.<\/p>\n<p align=\"center\"><strong>art.10<\/strong><\/p>\n<p>Il Comitato Esecutivo delibera gli indirizzi operativi e determinate iniziative per l\u2019attuazione delle direttive dell\u2019assemblea e per il perseguimento delle finalit\u00e0 statutarie. Determina le modalit\u00e0 dello svolgimento delle assemblee che dovranno essere improntate ai principio di rappresentativit\u00e0 e di discussioni; predispone ii bilancio preventivo e consuntivo, udite le relazioni dei revisori dei conti; determina l\u2019ammontare delle quote sociali; provvede a tutto quanto occorre per il buon funzionamento dell\u2019associazione e per il raggiungimento delle finalit\u00e0 istituzionali.<\/p>\n<p align=\"center\"><strong>art.11<\/strong><\/p>\n<p>Il Presidente, eletto dall\u2019assemblea per un triennio, tra gli iscritti, dirige l\u2019Associazione secondo i deliberati dell\u2019Assemblea e del Comitato Esecutivo, coordina l\u2019attivit\u00e0 del Comitato Esecutivo e assume ogni iniziativa anche giudiziaria utile per il perseguimento delle finalit\u00e0 statutarie dandone immediata comunicazione al comitato.<\/p>\n<p align=\"center\"><strong>art.12<\/strong><\/p>\n<p>La rappresentanza legale dell\u2019Associazione spetta al Presidente.<\/p>\n<p align=\"center\"><strong>art .13<\/strong><\/p>\n<p>Il Segretario Generale, eletto per un triennio, coordina l\u2019attivit\u00e0 dell\u2019associazione e cura l\u2019esecuzione delle delibere degli organi statutari.<br \/>\nSostituisce il Presidente in caso di suo impedimento o per sua delega, anche per la rappresentanza in giudizio.<\/p>\n<p align=\"center\"><strong>art.14<\/strong><\/p>\n<p>Il collegio \u00e8 costituito da tre componenti effettivi e due supplenti eletti dall\u2019Assemblea per un triennio.<br \/>\nSpetta al Collegio dei revisori esplicare un\u2019attivit\u00e0 di controllo sulle questioni di carattere economico ed organizzativo ed eventualmente presentare proposte al comitato esecutivo su dette questioni.<\/p>\n<p align=\"center\"><strong>art.15<\/strong><\/p>\n<p>Il patrimonio dell\u2019Associazione \u00e8 costituito da beni mobili ed immobili, comunque acquisiti e dalle somme accantonate a qualsiasi titolo sino a quando non siano utilizzati per gli scopi statutari.<br \/>\nLe entrate dell\u2019Associazione sono costituite dalle quote associative determinate dal Comitato Esecutivo e da contributi di soci ovvero di enti pubblici e privati aventi finalit\u00e0 coerenti con quelli dell\u2019Associazione.<br \/>\nL\u2019associazione prima di accettate eventuali contributi non provenienti da associati dovr\u00e0, per il tramite del Comitato, valutare la provenienza dei medesimi purch\u00e9 la loro accettazione non sia in contrasto con le finalit\u00e0 morali dell\u2019Associazione o con le leggi imperative dello Stato.<\/p>\n<p align=\"center\"><strong>art.16<\/strong><\/p>\n<p>Il bilancio sociale si chiude il 31 dicembre di ogni anno. Le cariche sociali sono gratuite.<\/p>\n<p align=\"center\"><strong>art.17<\/strong><\/p>\n<p>Le modifiche dello statuto sono Deliberate dall\u2019Assemblea a maggioranza degli iscritti su proposta di almeno un decimo degli associati.<\/p>\n<p align=\"center\"><strong>art.18<\/strong><\/p>\n<p>Qualunque controversia dovesse insorgere tra gli associati o tra gli associati e l\u2019Associazione dovr\u00e0 essere deferita, per le materie consentite dalla legge, ad un Collegio Arbitrale composto da tre membri, due dei quali nominati da ciascuna delle parti e il terzo dai primi due o in caso di disaccordo, dal Presidente del Tribunale di Milano.<br \/>\nGli arbitri giudicheranno ex bono et aequo senza formalit\u00e0 di procedura e con giudizio inappellabile.<\/p>\n<p align=\"center\"><strong>art.19<\/strong><\/p>\n<p>Per tutto quanto non espressamente contemplato nel presente statuto si fa riferimento alle disposizioni del Codice Civile ed alle leggi speciali in materia.<\/p>\n<h4 style=\"text-align: center;\">Firmato all\u2019originale:<\/h4>\n<p style=\"text-align: center;\">PUGLISI CIRINO<br \/>\nCAPITALE GIUSEPPE<br \/>\nFRANCESCO SICARI<br \/>\nAFFALDANI CARLO<br \/>\nCALIANDRO GIULIO<br \/>\nATTILIO BISAGNI<br \/>\nLOUIS CHARLES VIVIERS<br \/>\nMOGAVERO SABINO<br \/>\nGIANLUIGI ADDUCI<br \/>\nGIOVANNI MARGHERITA \u2013 notaio \u2013<\/p>\n<p style=\"text-align: center;\"><em>Milano 18 gennaio 1993<\/em><\/p>\n","protected":false},"excerpt":{"rendered":"<p>Statuto dell\u2019A.S.A.E. ASSOCIAZIONE SINDACALE DEGLI AUTORI ED EDITORI art.1 \u00c8 costituita l\u2019Associazione Sindacale Autori ed Editori (A.S.A.E.). L\u2019associazione ha sede in Milano, c\/o Mogavero Piazza Prealpi 4\u00a0 \u2013 20155 Milano art.2 a) Possono far parte della A.S.A.E. Enti, Associazioni, Comitati e singole persone che intendono con la propria presenza nell\u2019organico difendere i diritti di categoria degli autori di opere dell\u2019ingegno in genere e impedire discriminazioni di ogni genere e favorire la divulgazione delle opere dell\u2019ingegno. b) Possono altres\u00ec far parte&hellip;<\/p>\n","protected":false},"author":1,"featured_media":0,"parent":0,"menu_order":0,"comment_status":"closed","ping_status":"closed","template":"","meta":{"footnotes":""},"class_list":["post-19","page","type-page","status-publish","hentry"],"_links":{"self":[{"href":"https:\/\/www.asae.it\/index.php\/wp-json\/wp\/v2\/pages\/19"}],"collection":[{"href":"https:\/\/www.asae.it\/index.php\/wp-json\/wp\/v2\/pages"}],"about":[{"href":"https:\/\/www.asae.it\/index.php\/wp-json\/wp\/v2\/types\/page"}],"author":[{"embeddable":true,"href":"https:\/\/www.asae.it\/index.php\/wp-json\/wp\/v2\/users\/1"}],"replies":[{"embeddable":true,"href":"https:\/\/www.asae.it\/index.php\/wp-json\/wp\/v2\/comments?post=19"}],"version-history":[{"count":3,"href":"https:\/\/www.asae.it\/index.php\/wp-json\/wp\/v2\/pages\/19\/revisions"}],"predecessor-version":[{"id":77,"href":"https:\/\/www.asae.it\/index.php\/wp-json\/wp\/v2\/pages\/19\/revisions\/77"}],"wp:attachment":[{"href":"https:\/\/www.asae.it\/index.php\/wp-json\/wp\/v2\/media?parent=19"}],"curies":[{"name":"wp","href":"https:\/\/api.w.org\/{rel}","templated":true}]}}