{"id":3,"date":"2024-10-12T10:19:16","date_gmt":"2024-10-12T08:19:16","guid":{"rendered":"https:\/\/www.asae.it\/?page_id=3"},"modified":"2024-10-28T11:27:40","modified_gmt":"2024-10-28T10:27:40","slug":"privacy-policy","status":"publish","type":"page","link":"https:\/\/www.asae.it\/index.php\/privacy-policy\/","title":{"rendered":"Privacy Policy"},"content":{"rendered":"\r\n<h3 class=\"wp-block-heading\"><strong>Privacy policy \u2013 informativa estesa<\/strong><\/h3>\r\n<p>La presente privacy policy si applica esclusivamente alle attivit\u00e0 online del presente sito ed \u00e8 valida per i visitatori\/utenti del sito. Non si applica alle informazioni raccolte tramite canali diversi dal presente sito web.\u00a0Per ogni richiesta riguardo l\u2019informativa estesa della privacy policy dell\u2019A.S.A.E. Associazione Sindacale Autori Editori nei confronti dei propri associati, si prega di farne richiesta\u00a0all\u2019indirizzo\u00a0<a href=\"mailto:info@asae.it\">info@asae.it<\/a>. Lo scopo dell\u2019informativa privacy \u00e8 di fornire la massima trasparenza relativamente alle informazioni che il sito raccoglie e come le usa.<\/p>\r\n<p>&nbsp;<\/p>\r\n<h4><strong>Informativa Privacy<\/strong><\/h4>\r\n<p>La presente Informativa sulla Privacy ha l\u2019intento di descrivere le modalit\u00e0 di gestione del sito web\u00a0<em>www.asae.it<\/em>\u00a0in merito al trattamento dei dati personali degli utenti che fruiscono dei servizi proposti. Si tratta di un\u2019informativa che \u00e8 resa ai sensi dell\u2019art. 13 del Codice Privacy in materia di protezione dei dati personali di cui al D.Lgs. 196\/2003 (di seguito\u00a0\u201cprivacy policy\u201d), del Provvedimento emanato dall\u2019Autorit\u00e0 Garante\u00a0\u201cIndividuazione delle modalit\u00e0 semplificate per l\u2019informativa e l\u2019acquisizione del consenso per l\u2019uso dei cookie\u201d\u00a0dell\u20198 maggio 2014 e della Raccomandazione n. 2\/2001 che le autorit\u00e0 europee per la protezione dei dati personali, riunite nel Gruppo istituito dall\u2019art. 29 della direttiva n. 95\/46\/CE, hanno adottato il 17 maggio 2001. Il titolare del trattamento dei dati potr\u00e0 modificare o semplicemente aggiornare, in tutto o in parte, la presente privacy policy in seguito a cambiamenti volti a salvaguardare ulteriormente la privacy dei propri utenti o a causa dell\u2019introduzione di nuove norme a riguardo; l\u2019utente \u00e8 pertanto invitato a visionare la presente privacy policy periodicamente.\u00a0In caso di variazioni significative verr\u00e0 data, per un tempo congruo, opportuna evidenza in home-page del sito.<br \/>Se l\u2019utente ha meno di 16 anni, ai sensi dell\u2019art.8, c.1 regolamento UE 2016\/679, dovr\u00e0 legittimare il suo consenso attraverso l\u2019autorizzazione dei genitori o di chi ne fa le veci.<br \/>Con l\u2019uso o la consultazione del presente sito i visitatori e gli utenti approvano esplicitamente la presente privacy policy e acconsentono al trattamento dei loro dati personali in relazione alle modalit\u00e0 e alle finalit\u00e0 di seguito descritte, compresa l\u2019eventuale diffusione a terzi solamente e unicamente se necessaria per l\u2019erogazione di un servizio. Il conferimento dei dati e quindi il consenso alla raccolta e al trattamento dei dati \u00e8 facoltativo: l\u2019utente pu\u00f2 negare il consenso e pu\u00f2 revocare in qualsiasi momento un consenso gi\u00e0 fornito (tramite una mail all\u2019indirizzo\u00a0<a href=\"mailto:info@asae.it\">info@asae.it<\/a>). Tuttavia negare il consenso pu\u00f2 comportare l\u2019impossibilit\u00e0 di erogare alcuni servizi, quali ad esempio l\u2019assistenza agli iscritti.<\/p>\r\n<p>&nbsp;<\/p>\r\n<h4><strong>Principi<\/strong><\/h4>\r\n<p>I dati personali sono trattati secondo i principi di pertinenza, liceit\u00e0 e correttezza come previsto dal Codice Privacy, attraverso l\u2019utilizzo di misure di sicurezza idonee e a seguito del conferimento del consenso da parte degli utenti ove previsto. Tali dati sono conservati in una forma che consenta l\u2019identificazione dell\u2019interessato per un periodo di tempo non superiore a quello necessario agli scopi per i quali essi sono stati raccolti o successivamente trattati. Specifiche misure di sicurezza sono osservate per prevenire la perdita dei dati, usi illeciti, o non corretti e accessi non autorizzati.<\/p>\r\n<h4>\u00a0<\/h4>\r\n<h4><strong>Titolare e luogo di trattamento dei dati<\/strong><\/h4>\r\n<p>Ai sensi dell\u2019art. 28 del Codice Privacy, titolare del sito\u00a0<em>www.asae.it<\/em>\u00a0e del trattamento dei dati \u00e8 A.S.A.E. Associazione Sindacale Autori Editori con sede legale c\/o Sabino Mogavero in Piazza Prealpi 4 Milano (MI) [c.f.: 97120320151] nella persona di Sabino Mogavero.\u00a0I dati sono trattati presso le sedi legali e operative del titolare ed in ogni altro luogo in cui le parti coinvolte nel trattamento siano localizzate e sono curati solo da personale incaricato del trattamento, oppure da eventuali incaricati di occasionali operazioni di manutenzione; un elenco aggiornato dei responsabili, nominati dal titolare ai sensi dell\u2019art. 29 d.lgs. 196\/2003, \u00e8 disponibile presso la sede legale del titolare.\u00a0Oltre al titolare e a tali responsabili, in alcuni casi, potrebbero avere accesso ai dati categorie di incaricati coinvolti nell\u2019organizzazione del sito (personale amministrativo, commerciale, legali, amministratori di sistema) ovvero soggetti esterni (come fornitori di servizi tecnici terzi, corrieri postali, hosting provider, societ\u00e0 informatiche, agenzie di comunicazione); tali soggetti tratteranno i dati degli utenti in maniera lecita e corretta, garantendo la non divulgazione e garantendo che non avvenga modifica o distruzione non autorizzata dei dati.<br \/>Per ogni comunicazione ex artt. 7 e ss. del D.lgs. n. 196\/2003 e s.m.i. il titolare mette a disposizione l\u2019indirizzo email\u00a0<a href=\"mailto:info@asae.it\">info@asae.it<\/a>;\u00a0in caso di mancato riscontro alle proprie richieste, gli interessati possono proporre un reclamo all\u2019Autorit\u00e0 di controllo per la protezione dei dati personali (GDPR \u2013 Art.13, comma2, lettera d).<\/p>\r\n<p>&nbsp;<\/p>\r\n<h4><strong>Finalit\u00e0<\/strong><\/h4>\r\n<p>Salvo che la comunicazione dei dati personali sia imposta da obblighi di legge o sia strettamente pertinente e necessaria per l\u2019adempimento delle richieste o degli obblighi contrattuali per l\u2019esecuzione del servizio, i dati personali sono forniti volontariamente e facoltativamente dagli utenti al momento dell\u2019attivazione del servizio, per le seguenti finalit\u00e0:<br \/>\u2013 Supporto e contatto con l\u2019utente<br \/>\u2013 Iscrizione all\u2019associazione<br \/>\u2013 Statistica solo con dati anonimi<\/p>\r\n<p>&nbsp;<\/p>\r\n<h4><strong>Tipologie di dati personali trattati e loro conferimento<\/strong><\/h4>\r\n<p><strong>Dati personali:<\/strong>\u00a0i dati personali possono essere unicamente inseriti volontariamente dall\u2019utente tramite form. L\u2018utente si assume la responsabilit\u00e0 dei dati personali di terzi pubblicati o condivisi mediante il sito\u00a0<em>www.asae.it<\/em>\u00a0e garantisce di avere il diritto di comunicarli o diffonderli, liberando il titolare da qualsiasi responsabilit\u00e0 verso terzi. Si precisa che il consenso si considera liberamente prestato flaggando entrambe le caselle \u201cHo preso visione della vostra privacy policy\u201d e \u201cAcconsento all\u2019utilizzo dei miei dati come da privacy policy per poter ricevere una risposta alla mia richiesta\u201d; in mancanza di ci\u00f2 non sar\u00e0 possibile procedere con l\u2019invio della richiesta. L\u2019invio facoltativo, esplicito e volontario di posta elettronica e\/o ordinaria agli indirizzi indicati su questo sito e\/o telefonicamente a numeri di telefono indicati su questo sito comporta la successiva acquisizione dell\u2019indirizzo del mittente o del numero di telefono chiamante, necessari per rispondere alle richieste, nonch\u00e9 degli eventuali altri dati personali inseriti nella missiva o detti telefonicamente. Qualora il mittente inviasse il proprio curriculum per sottoporre la propria candidatura professionale, esso rimane l\u2019unico responsabile della pertinenza ed esattezza dei dati inviati; si segnala che eventuali curriculum sprovvisti dell\u2019autorizzazione al trattamento dei dati saranno immediatamente cancellati.<br \/><strong>Dati di navigazione:<\/strong>\u00a0i sistemi informatici e le procedure software preposte al funzionamento di questo sito acquisiscono, nel corso del loro normale esercizio, alcuni dati personali la cui trasmissione \u00e8 implicita nell\u2019uso dei protocolli di comunicazione di internet: si tratta di informazioni che non sono raccolte per essere associate a soggetti interessati identificati, ma che per la loro stessa natura, potrebbero, attraverso elaborazioni ed associazioni con dati detenuti da terzi, permettere di identificare gli utenti. In questa categoria rientrano gli indirizzi IP, o i nomi di dominio utilizzati dagli utenti che si connettono al sito, gli indirizzi in notazione URI (Uniform Resource Identifier) delle risorse richieste, l\u2019orario della richiesta, il metodo utilizzato nel sottoporre la richiesta al server, la dimensione del file ottenuto, etc. Questi dati vengono utilizzati al fine di ricavare informazioni statistiche anonime e aggregate sull\u2019uso del\u00a0sito\u00a0<em>www.asae.it<\/em>\u00a0e per controllarne il corretto funzionamento, e risiedono in maniera permanente su server di terzi (hosting provider il cui responsabile del trattamento \u00e8 Aruba S.p.a., P. IVA 01573850516, con sede legale in via San Clemente 53 Ponte San Pietro (BG); Aruba S.p.a. si trova nello Spazio Economico Europeo e agisce in conformit\u00e0 delle norme europee; privacy policy:\u00a0<a href=\"https:\/\/www.aruba.it\/informativa_arubaspa.pdf\" target=\"_blank\" rel=\"noopener\">https:\/\/www.aruba.it\/informativa_arubaspa.pdf<\/a>). I dati potrebbero essere utilizzati per l\u2019accertamento di responsabilit\u00e0 in caso di ipotetici reati informatici ai danni del sito\u00a0<em>www.asae.it<\/em>. Tali dati sono trattati esclusivamente da personale interno, regolarmente autorizzato e istruito al trattamento (GDPR-Art.29) e non saranno comunicati a soggetti esterni, diffusi o trasferiti in paesi extra-UE. Solamente in caso di indagine potranno essere messi a disposizione delle autorit\u00e0 competenti. I dati di navigazione sono di norma conservati per brevi periodi di tempo, a eccezione di eventuali prolungamenti connessi ad attivit\u00e0 di indagine. Inoltre vi ricordiamo che tali dati non sono conferiti dall\u2019interessato ma acquisiti automaticamente dai sistemi tecnologici del sito.<br \/><strong>Cookie<\/strong>: per una completa informazione sull\u2019utilizzo dei cookie all\u2019interno del sito\u00a0<em>www.asae.it\u00a0<\/em>si prega di visualizzare la Cookie Policy alla pagina\u00a0<a href=\"https:\/\/www.asae.it\/index.php\/cookie-policy\/\" target=\"_blank\" rel=\"noopener\">https:\/\/www.asae.it\/index.php\/cookie-policy\/<\/a>, contenente anche tutte le modalit\u00e0 di manifestazione e negazione del consenso.<\/p>\r\n<p>&nbsp;<\/p>\r\n<h4><strong>Link ai siti di terze parti<\/strong><\/h4>\r\n<p>Il titolare potrebbe presentare o offrire sul proprio sito\u00a0<em>www.asae.it<\/em>\u00a0link a social network o a siti di prodotti o servizi di terze parti. Per quanto riguarda la privacy, i siti di detti soggetti adottano dei criteri diversi e indipendenti dai nostri. Pertanto, il titolare declina ogni responsabilit\u00e0 per quanto concerne il contenuto o le attivit\u00e0 di detti siti collegati.<\/p>\r\n<p>&nbsp;<\/p>\r\n<h4><strong>Comunicazione e diffusione<\/strong><\/h4>\r\n<p>I dati raccolti non saranno oggetto di divulgazione e di diffusione. I dati raccolti non saranno diffusi, venduti o scambiati con soggetti terzi senza il consenso espresso dell\u2019interessato, salvo eventuali comunicazioni a soggetti terzi autorizzati \u2013 impegnati alla riservatezza o nel caso nominati responsabili del trattamento ex art. 29 del D.lgs n. 196\/2003 \u2013 (quali societ\u00e0 di assistenza informatica, societ\u00e0 di hosting e assistenza informatica per il corretto funzionamento del portale) ove necessarie per le finalit\u00e0 di cui alla presente informativa. In ogni caso il trattamento da parte di soggetti terzi avverr\u00e0 secondo correttezza e nel rispetto delle disposizioni di legge vigenti. I dati potranno essere comunicati alle autorit\u00e0 competenti, secondo i termini di legge.<\/p>\r\n<p>&nbsp;<\/p>\r\n<h4><strong>Consenso al trasferimento internazionale dei dati<\/strong><\/h4>\r\n<p>Il presente sito potrebbe condividere alcuni dei dati raccolti con servizi localizzati al di fuori dell\u2019area dell\u2019Unione Europea. In particolare con Google tramite i servizi indicati nella cookie policy (<a href=\"https:\/\/www.asae.it\/index.php\/cookie-policy\/\" target=\"_blank\" rel=\"noopener\">https:\/\/www.asae.it\/index.php\/cookie-policy\/<\/a>). Il trasferimento \u00e8 autorizzato in base a specifiche\u00a0decisioni dell\u2019Unione Europea e del Garante per la tutela dei dati personali, in particolare la decisione 1250\/2016 (Privacy Shield), per cui non occorre ulteriore consenso.\u00a0Le aziende sopra menzionate garantiscono la propria adesione al Privacy Shield.<\/p>\r\n<p>&nbsp;<\/p>\r\n<h4><strong>Modalit\u00e0 di trattamento<\/strong><\/h4>\r\n<p>Il trattamento dei dati potr\u00e0 consistere, oltre che nella loro raccolta, anche nella loro registrazione, conservazione, modificazione, comunicazione, cancellazione e sar\u00e0 effettuato sia con l\u2019utilizzo di supporto cartaceo, sia con l\u2019ausilio di strumenti elettronici informatici e telematici o comunque innovativi, secondo modalit\u00e0 e con strumenti idonei a garantire la sicurezza e la riservatezza dei dati stessi, in conformit\u00e0 di quanto previsto dagli articoli 31 e seguenti del Codice Privacy, relativi alle\u00a0\u201cmisure minime di sicurezza per il trattamento dei dati personali\u201d\u00a0volte ad assicurare un livello minimo di protezione dei dati personali. In particolare, saranno adottate tutte le misure tecniche, informatiche, organizzative, logistiche e procedurali di sicurezza, come previste dal Codice Privacy, dall&#8217;\u201dAllegato B\u201d allo stesso decreto (cos\u00ec detto Disciplinare Tecnico), dai vari Provvedimenti emanati successivamente ad integrazione, in modo che sia garantito almeno il livello minimo di protezione dei dati previsto dalla legge.<\/p>\r\n<p>&nbsp;<\/p>\r\n<h4><strong>Tempi di conservazione<\/strong><\/h4>\r\n<p>I dati sono conservati per il tempo necessario alla risposta alla richiesta inviata dall\u2019utente e comunque per un tempo massimo mai superiore ai 3 mesi. In caso di iscrizione dell\u2019utente alla nostra associazione i dati verranno conservati\u00a0<span class=\"s1\">per il tempo necessario per adempiere alle finalit\u00e0 per cui sono stati concessi e per tutto il tempo indispensabile per una corretta tenuta del libro dei soci: tale termine \u00e8 determinato dal codice civile e dalla normativa fiscale. La verifica sulla obsolescenza dei dati oggetto di trattamento rispetto alle finalit\u00e0 per le quali sono stati raccolti e trattati viene effettuata periodicamente. Per ogni domanda riguardo l\u2019informativa estesa della privacy policy dell\u2019A.S.A.E. Associazione Sindacale Autori Editori nei confronti dei propri associati, si prega di farne richiesta\u00a0all\u2019indirizzo\u00a0<a href=\"mailto:info@asae.it\">info@asae.it<\/a>.<\/span><\/p>\r\n<p>&nbsp;<\/p>\r\n<h4><strong>Modifiche alla presente informativa sulla privacy<\/strong><\/h4>\r\n<p>Potremmo aggiornare la presente Informativa sulla Privacy per riflettere le modifiche alle nostre pratiche informative. Se apportiamo modifiche sostanziali, forniremo un avviso su questo sito web e potremmo avvisarti tramite e-mail (inviata all\u2019indirizzo e-mail specificato nel tuo account), prima che la modifica diventi effettiva. Ti invitiamo a rivedere periodicamente questa pagina per le informazioni pi\u00f9 recenti sulle nostre pratiche sulla privacy. Se continui a utilizzare i servizi dopo che tali modifiche sono entrate in vigore, accetti la politica rivista.<\/p>\r\n<h4>\u00a0<\/h4>\r\n<h4><strong>Diritti degli interessati<\/strong><\/h4>\r\n<p>Gli utenti hanno il diritto di esercitare tutti i diritti che sono loro riconosciuti dalle vigenti disposizioni di legge e di contattarci per qualsiasi informazione sui propri dati personali quali ad esempio<br \/>\u2013 la conferma dell\u2019esistenza o meno dei medesimi dati e di conoscerne il contenuto e l\u2019origine;<br \/>\u2013 le finalit\u00e0 e modalit\u00e0 del trattamento;<br \/>\u2013 la logica applicata in caso di trattamento effettuato con l\u2019ausilio di strumenti elettronici;<br \/>\u2013 gli estremi identificativi del titolare, dei responsabili e del rappresentante designato e dei soggetti o delle categorie di soggetti ai quali i dati personali possono essere comunicati o che possono venirne a conoscenza in qualit\u00e0 di rappresentante designato nel territorio dello Stato, di responsabili o incaricati.<br \/>Gli utenti possono inoltre chiedere<br \/>\u2013 l\u2019aggiornamento, la rettificazione ovvero, quando vi ha interesse, l\u2019integrazione dei dati;<br \/>\u2013 la cancellazione, la trasformazione in forma anonima o il blocco dei dati trattati in violazione di legge, compresi quelli di cui non \u00e8 necessaria la conservazione in relazione agli scopi per i quali i dati sono stati raccolti o successivamente trattati;<br \/>L\u2019interessato ha inoltre il diritto di opporsi, in tutto o in parte per motivi legittimi al trattamento dei dati personali che lo riguardano.<br \/>Tali richieste potranno essere trasmesse con le seguenti modalit\u00e0:<br \/>\u2013 E-mail che dovr\u00e0 essere inviata all\u2019indirizzo\u00a0<a href=\"mailto:info@asae.it\">info@asae.it<\/a>;<br \/>\u2013 Raccomandata che dovr\u00e0 essere spedita all\u2019indirizzo A.S.A.E. Associazione Sindacale Autori Editori c\/o Sabino Mogavero in Piazza Prealpi 4 Milano (MI).<\/p>\r\n<p><strong>Ultimo aggiornamento<\/strong><br \/>28 ottobre 2024<\/p>","protected":false},"excerpt":{"rendered":"<p>Privacy policy \u2013 informativa estesa La presente privacy policy si applica esclusivamente alle attivit\u00e0 online del presente sito ed \u00e8 valida per i visitatori\/utenti del sito. Non si applica alle informazioni raccolte tramite canali diversi dal presente sito web.\u00a0Per ogni richiesta riguardo l\u2019informativa estesa della privacy policy dell\u2019A.S.A.E. Associazione Sindacale Autori Editori nei confronti dei propri associati, si prega di farne richiesta\u00a0all\u2019indirizzo\u00a0info@asae.it. Lo scopo dell\u2019informativa privacy \u00e8 di fornire la massima trasparenza relativamente alle informazioni che il sito raccoglie e&hellip;<\/p>\n","protected":false},"author":1,"featured_media":0,"parent":0,"menu_order":0,"comment_status":"closed","ping_status":"open","template":"","meta":{"footnotes":""},"class_list":["post-3","page","type-page","status-publish","hentry"],"_links":{"self":[{"href":"https:\/\/www.asae.it\/index.php\/wp-json\/wp\/v2\/pages\/3"}],"collection":[{"href":"https:\/\/www.asae.it\/index.php\/wp-json\/wp\/v2\/pages"}],"about":[{"href":"https:\/\/www.asae.it\/index.php\/wp-json\/wp\/v2\/types\/page"}],"author":[{"embeddable":true,"href":"https:\/\/www.asae.it\/index.php\/wp-json\/wp\/v2\/users\/1"}],"replies":[{"embeddable":true,"href":"https:\/\/www.asae.it\/index.php\/wp-json\/wp\/v2\/comments?post=3"}],"version-history":[{"count":5,"href":"https:\/\/www.asae.it\/index.php\/wp-json\/wp\/v2\/pages\/3\/revisions"}],"predecessor-version":[{"id":97,"href":"https:\/\/www.asae.it\/index.php\/wp-json\/wp\/v2\/pages\/3\/revisions\/97"}],"wp:attachment":[{"href":"https:\/\/www.asae.it\/index.php\/wp-json\/wp\/v2\/media?parent=3"}],"curies":[{"name":"wp","href":"https:\/\/api.w.org\/{rel}","templated":true}]}}