{"id":99,"date":"2024-10-28T12:05:38","date_gmt":"2024-10-28T11:05:38","guid":{"rendered":"https:\/\/www.asae.it\/?page_id=99"},"modified":"2024-10-28T12:29:11","modified_gmt":"2024-10-28T11:29:11","slug":"cookie-policy","status":"publish","type":"page","link":"https:\/\/www.asae.it\/index.php\/cookie-policy\/","title":{"rendered":"Cookie policy"},"content":{"rendered":"<h3 style=\"text-align: center;\"><a class=\"cky-banner-element\" href=\"#\">Cambia le tue preferenze per i cookie<\/a><\/h3>\n<hr \/>\n<h3><strong>Informativa estesa sui cookie \u2013 dati di navigazione degli utenti \u2013<\/strong><\/h3>\n<p class=\"p1\">In osservanza di quanto previsto dagli artt. 13 e 122 del D.lgs 30 giugno 2003, nonch\u00e9 da quanto previsto dal Provvedimento generale del Garante privacy dell\u20198 maggio 2014, A.S.A.E. Associazione Sindacale Autori Editori con sede legale c\/o Sabino Mogavero in Piazza Prealpi 4 Milano (MI) [c.f.: 97120320151], titolare del trattamento, intende informare gli utenti del sito\u00a0<em>www.asae.it<\/em>\u00a0di alcune informazioni relative ai cookie utilizzati.<\/p>\n<p>&nbsp;<\/p>\n<h4><strong>I cookie e la loro gestione<\/strong><\/h4>\n<p>I cookie sono piccoli file di testo conservati nel computer dell\u2019utente al momento in cui questo accede ad un determinato sito per immagazzinare informazioni per il funzionamento del sito, per eseguire autenticazioni automatiche, per memorizzare informazioni riguardanti gli utenti anche a fini statistici.\u00a0I cookie possono essere suddivisi nelle seguenti sottocategorie:<br \/>\n1.\u00a0<strong>Cookie tecnici<\/strong>: questi cookie sono essenziali al fine di permettere la navigazione del sito web e l\u2019utilizzo delle sue funzionalit\u00e0. Senza questi cookie, alcune funzionalit\u00e0 richieste come ad esempio il login al sito o la creazione di un carrello per lo shopping online non potrebbero essere fornite.<br \/>\n2.\u00a0<strong>Cookie funzionali<\/strong>: questi cookie consentono al sito web di ricordare le scelte che l\u2019utente ha effettuato (come lo username, la lingua o l\u2019area geografica in cui vive) al fine di ottimizzare e fornire funzionalit\u00e0 pi\u00f9 avanzate. Questi cookie possono inoltre essere utilizzati per fornire funzionalit\u00e0 richieste dall\u2019utente come ad esempio la visualizzazione di un video o la possibilit\u00e0 di commentare un blog.<br \/>\n3.\u00a0<strong>Cookie analitici<\/strong>: questi cookie raccolgono informazioni su come gli utenti utilizzano il sito web, ad esempio quali pagine vengono visitate pi\u00f9 spesso, e se gli utenti ricevono messaggi di errore da queste pagine. Questi cookie non raccolgono informazioni che identificano un visitatore specifico e tutte le informazioni raccolte da questi cookie sono aggregate e quindi anonime: vengono utilizzate unicamente per migliorare il funzionamento del sito web.<\/p>\n<p>Queste tipologie di cookie sono anonime e non necessitano del preventivo consenso dell\u2019utente per essere installati ed utilizzati. I cookie di queste categorie comprendono:<br \/>\n\u00b7\u00a0 cookie persistenti: una volta chiuso il browser non vengono distrutti ma rimangono fino ad una data di scadenza preimpostata<br \/>\n\u00b7\u00a0 cookie di sessione: vengono distrutti ogni volta che il browser viene chiuso<br \/>\nNon \u00e8 necessario abilitare i cookies perch\u00e9 un sito funzioni, ma farlo migliorer\u00e0 la navigazione. \u00c8 possibile cancellare o bloccare i cookies, per\u00f2 in questo caso alcune funzioni del sito potrebbero non funzionare correttamente.<\/p>\n<p>Esistono poi altre due tipologie di cookie:<br \/>\n4.\u00a0<strong>Cookie di terze parti<\/strong>: alcuni cookie di terze parti sono impostati da servizi contenuti sulle pagine di\u00a0<em>www.asae.it<\/em>\u00a0e sono gestiti totalmente dagli operatori di quel servizio e non sono sotto il controllo di\u00a0<em>www.asae.it<\/em>. Tali servizi potrebbero \u2013 in aggiunta a quanto specificato ed anche all\u2019insaputa di A.S.A.E. Associazione Sindacale Autori Editori \u2013 compiere attivit\u00e0 di tracciamento dell\u2019utente; per informazioni dettagliate in merito, si consiglia di consultare le privacy policy dei servizi elencati nella sezione \u201cCookie di terze parti\u201d e \u201cCookie e social network\u201d presenti qui sotto. Le terze parti hanno piena responsabilit\u00e0 dei cookie di terze parti. Inoltre\u00a0<em>www.asae.it\u00a0<\/em>non risponde dei collegamenti ad altri siti web, presenti nel nostro sito, con propri contenuti, proprie informative sulla privacy e propri cookie che\u00a0possono subire modifiche senza preavviso da parte dei rispettivi operatori; vi consigliamo pertanto di fare sempre riferimento alle privacy policy e alle cookie policy di tali siti;\u00a0<em>www.asae.it<\/em>\u00a0non accetta alcuna responsabilit\u00e0 per tali siti.<br \/>\n5.\u00a0<strong>Cookie di profilazione<\/strong>: sono cookie che registrano preferenze, gusti e comportamenti digitali dell\u2019utente specificamente registrato, concepiti spesso al fine di fornire contenuti pubblicitari su misura.\u00a0<strong>Questa tipologia di cookie NON \u00e8 presente nella navigazione di\u00a0<em>www.asae.it<\/em>.<\/strong><\/p>\n<p>La gestione dei cookie \u00e8 controllabile dell\u2019utente stesso che pu\u00f2 impedire la registrazione dei cookie, cancellarli o semplicemente selezionare quelli che desidera conservare attraverso le funzioni del proprio browser.\u00a0<em>www.asae.it<\/em>, secondo la normativa vigente, non \u00e8 tenuto a chiedere consenso per le tipologie di cookie presenti sul sito (tecnici, funzionali e analitici anonimi). Per tutte le altre tipologie di cookie il consenso pu\u00f2 essere espresso nei seguenti modi:<br \/>\n\u2013 configurando ad hoc il browser utilizzato o il programma informatico utilizzato per navigare<br \/>\n\u2013 modificando le impostazioni nell\u2019uso dei servizi di terze parti<br \/>\nIn entrambi i casi l\u2019utente potrebbe non visualizzare o non poter usare parti del sito\u00a0<em>www.asae.it<\/em>.<\/p>\n<h4><\/h4>\n<h4><strong>I cookie presenti su questo sito<\/strong><\/h4>\n<p><strong>Cookie del titolare<\/strong><br \/>\n<em>www.asae.it<\/em>\u00a0utilizza:<\/p>\n<p>\u2013\u00a0<em>cookieyes-consent\u00a0<\/em>(CookieYes imposta questo cookie per ricordare le preferenze di consenso degli utenti in modo che le loro preferenze siano rispettate nelle loro successive visite a questo sito. Non raccoglie n\u00e9 memorizza alcuna informazione personale dei visitatori del sito \u2013 cookie necessario con durata 1 anno)<br \/>\n\u2013\u00a0<em>wordpress_logged_in_*<\/em>\u00a0(Utilizzato per determinare se un utente \u00e8 loggato al sito \u2013 cookie necessario di sessione)<br \/>\n\u2013\u00a0<em>wordpress_test_cookie<\/em>\u00a0(Utilizzato per l\u2019accettazione dei cookies \u2013 cookie necessario di sessione)<br \/>\n\u2013\u00a0<em>wp-settings\u00a0<\/em>(Cookie per la personalizzare di visualizzazione del sito \u2013 questo cookie necessario ha durata di un anno)<br \/>\n\u2013\u00a0<em>wp-settings-time<\/em>\u00a0(Cookie per la personalizzare di visualizzazione del sito \u2013 questo cookie necessario ha durata di un anno)<br \/>\n\u2013\u00a0<em>wordpress_sec_*<\/em> (Utilizzato per elaborare il login dello user \u2013 cookie necessario di sessione)<br \/>\n\u2013\u00a0<em>PHPSESSID<\/em> (Cookie nativo di PHP e consente ai siti Web di memorizzare dati sullo stato della sessione. Nel sito Web viene utilizzato per stabilire una sessione utente e per comunicare i dati sullo stato attraverso un cookie temporaneo \u2013 cookie necessario di sessione)<br \/>\n\u2013\u00a0<em>wpEmojiSettingsSupports<\/em>\u00a0(WordPress imposta questo cookie quando un utente interagisce con gli emoji su un sito WordPress. Aiuta a determinare se il browser dell\u2019utente pu\u00f2 visualizzare correttamente gli emoji \u2013 cookie necessario di sessione)<\/p>\n<p>Questi cookie, pur essendo tecnici e funzionali, possono essere disabilitati selezionando l\u2019impostazione appropriata sul proprio browser (vedi sezione \u201cDisabilitazione dei cookie\u201d presente qui sotto)<br \/>\nQuesto sito usa anche tecnologie di local storage per il solo scopo di rendere pi\u00f9 veloce e comoda la navigazione dell\u2019utente all\u2019interno del sito; le tecnologie di local storage archiviano dati nel browser o nel dispositivo usato per navigare usando oggetti condivisi a livello locale o archiviazione locale, quali cookie flash, cookie HTML 5 e altri metodi software per applicazioni web. Queste tecnologie funzionano in tutti i browser; in alcuni casi l\u2019uso dell\u2019archiviazione locale non pu\u00f2 essere pienamente gestito dai browser, ma richiede la gestione tramite strumenti specifici (contattaci alla mail\u00a0<a href=\"mailto:info@asae.it\">info@asae.it<\/a>\u00a0per ulteriori informazioni). Vogliamo specificare che non usiamo tali tecnologie per memorizzare informazioni utili per creare pubblicit\u00e0 mirate sul nostro sito o su altri siti.<\/p>\n<p><strong>Cookie di terze parti<\/strong><br \/>\nIl sito\u00a0<em>www.asae.it<\/em> non contiene cookie di terze parti<\/p>\n<p>&nbsp;<\/p>\n<h4><strong>Conferimento dei dati<\/strong><\/h4>\n<p>Fatta eccezione per i cookie tecnici strettamente necessari alla normale navigazione, il conferimento dei dati \u00e8 rimesso alla volont\u00e0 dell\u2019interessato che decida di navigare sul sito dopo aver preso visione dell\u2019informativa breve contenuta nell\u2019apposito banner e di usufruire dei servizi di terze parti che comportano l\u2019installazione di cookie. L\u2019interessato pu\u00f2 quindi evitare l\u2019installazione dei cookie attraverso le apposite funzioni disponibili sul proprio browser (il browser \u00e8 il programma che si utilizza per navigare i siti web). Sempre tramite il proprio browser pu\u00f2 anche cancellare in un secondo momento i cookie gi\u00e0 memorizzati.<\/p>\n<p>&nbsp;<\/p>\n<h4><strong>Disabilitazione dei cookie<\/strong><\/h4>\n<p>Per la gestione dei Cookie di questo sito \u00e8 possibile utilizzare il pannello dedicato\u00a0<a class=\"cky-banner-element\" href=\"#\">Cambia le tue preferenze per i cookie<\/a>. Inoltre l\u2019utente pu\u00f2 gestire le preferenze relative ai cookie direttamente dal proprio browser ed impedire che terze parti possano installarne. Tramite le preferenze del browser \u00e8 inoltre possibile eliminare i cookie installati in passato.<br \/>\nCiascun browser presenta procedure diverse per la gestione delle impostazioni. L\u2019utente pu\u00f2 approfondire le modalit\u00e0 con cui il suo browser memorizza i cookie durante la navigazione ed ottenere istruzioni specifiche per la cancellazione seguendo i link dei siti dei rispettivi fornitori:<br \/>\n\u2013 Mozilla Firefox:\u00a0<a href=\"https:\/\/support.mozilla.org\/it\/kb\/Bloccare%20i%20cookie?redirectlocale=en-US&amp;redirectslug=Blocking+cookie\" target=\"_blank\" rel=\"noopener\">https:\/\/support.mozilla.org\/it\/kb\/Bloccare%20i%20cookie?redirectlocale=en-US&amp;redirectslug=Blocking+cookie<\/a><br \/>\n\u2013 Google Chrome:\u00a0<a href=\"https:\/\/support.google.com\/chrome\/answer\/95647?hl=it-IT&amp;p=cpn_cookie\" target=\"_blank\" rel=\"noopener\">https:\/\/support.google.com\/chrome\/answer\/95647?hl=it-IT&amp;p=cpn_cookie<\/a><br \/>\n\u2013 Internet Explorer:\u00a0<a href=\"https:\/\/support.microsoft.com\/it-it\/help\/17442\/windows-internet-explorer-delete-manage-cookies#ie=ie-11\" target=\"_blank\" rel=\"noopener\">https:\/\/support.microsoft.com\/it-it\/help\/17442\/windows-internet-explorer-delete-manage-cookies#ie=ie-11<\/a><br \/>\n\u2013 Safari:\u00a0<a href=\"https:\/\/support.apple.com\/kb\/ph21411?locale=it_IT\" target=\"_blank\" rel=\"noopener\">https:\/\/support.apple.com\/kb\/ph21411?locale=it_IT<\/a><br \/>\n\u2013 Opera:\u00a0<a href=\"http:\/\/help.opera.com\/Windows\/10.00\/it\/cookies.html\" target=\"_blank\" rel=\"noopener\">http:\/\/help.opera.com\/Windows\/10.00\/it\/cookies.html<\/a><br \/>\n\u2013 Safari su iPhone, iPad o iPod touch:\u00a0<a href=\"https:\/\/support.apple.com\/it-it\/HT201265\" target=\"_blank\" rel=\"noopener\">https:\/\/support.apple.com\/it-it\/HT201265<\/a><br \/>\n\u2013 Microsoft Edge:\u00a0<a href=\"https:\/\/privacy.microsoft.com\/it-it\/windows-10-microsoft-edge-and-privacy\" target=\"_blank\" rel=\"noopener\">https:\/\/privacy.microsoft.com\/it-it\/windows-10-microsoft-edge-and-privacy<\/a><br \/>\nNel caso in cui il tuo browser non sia presente all\u2019interno di questo elenco puoi richiedere maggiori informazioni inviando una email all\u2019indirizzo\u00a0<a href=\"mailto:info@asae.it\">info@asae.it<\/a>. Provvederemo a fornirti le informazioni necessarie per una navigazione anonima e sicura.<br \/>\n\u00c8 possibile inoltre navigare impedendo temporaneamente che il browser registri i cookie generati dai siti abilitando la \u201cnavigazione in incognito\u201d (detta anche \u201cnavigazione privata o \u201cnavigazione anonima\u201d) disponibile sui moderni browser. Se questa modalit\u00e0 \u00e8 attivata il browser, a seconda della versione utilizzata, non registra cookie o registra solo alcuni cookie necessari al funzionamento del sito. I cookie vengono comunque cancellati una volta chiusa la finestra del browser. Inoltre, sempre tenendo questa modalit\u00e0 attiva, non vengono salvati i siti visualizzati nella cronologia del browser e non vengono salvate le informazioni digitate nei moduli presenti nelle pagine. Maggiori informazioni e le istruzioni per attivarla sono disponibili sui siti di supporto del browser utilizzato (vedi elenco precedente).<br \/>\nLa disattivazione dei cookie di terze parti \u00e8 inoltre possibile attraverso le modalit\u00e0 rese disponibili direttamente dalle societ\u00e0 terze titolari di detto trattamento (vedi il paragrafo precedente \u201ccookie di terze parti\u201d e \u201ccookie e social network\u201d). In caso di servizi erogati da terze parti l\u2019utente pu\u00f2 inoltre esercitare il proprio diritto ad opporsi al tracciamento informandosi tramite la privacy policy della terza parte o contattando direttamente la societ\u00e0 terza titolare.<\/p>\n<h4><\/h4>\n<h4><strong>Tempi di conservazione<\/strong><\/h4>\n<p>I dati sono conservati per il tempo indicato nella sezione \u201cI cookie presenti su questo sito\u201d di cui sopra e comunque finch\u00e9 non venga esercitato il diritto di opposizione da parte dell\u2019interessato con la cancellazione dal proprio browser come indicato nella sezione \u201cDisabilitazione dei cookie\u201d di cui sopra nel presente documento.<\/p>\n<p>&nbsp;<\/p>\n<h4><strong>Titolare e responsabile<\/strong><\/h4>\n<p>Il titolare del trattamento \u00e8 A.S.A.E. Associazione Sindacale Autori Editori con sede legale c\/o Sabino Mogavero in Piazza Prealpi 4 Milano (MI) [c.f.: 97120320151] nella persona di Sabino Mogavero.<\/p>\n<hr \/>\n<p>Vista l\u2019oggettiva complessit\u00e0 legata all\u2019identificazione delle tecnologie basate sui cookie ed alla loro integrazione molto stretta con il funzionamento del web, l\u2019utente \u00e8 invitato a contattare\u00a0<em>www.asae.it<\/em>\u00a0qualora volesse ricevere qualunque approfondimento relativo all\u2019utilizzo dei cookie stessi e ad eventuali utilizzi degli stessi \u2013 ad esempio ad opera di terzi \u2013 effettuati tramite il nostro spazio web.<\/p>\n<hr \/>\n<p>Ultimo aggiornamento:\u00a0<em>28 ottobre 2024<\/em><\/p>\n<hr \/>\n<h3 style=\"text-align: center;\"><a class=\"cky-banner-element\" href=\"#\">Cambia le tue preferenze per i cookie<\/a><\/h3>\n","protected":false},"excerpt":{"rendered":"<p>Cambia le tue preferenze per i cookie Informativa estesa sui cookie \u2013 dati di navigazione degli utenti \u2013 In osservanza di quanto previsto dagli artt. 13 e 122 del D.lgs 30 giugno 2003, nonch\u00e9 da quanto previsto dal Provvedimento generale del Garante privacy dell\u20198 maggio 2014, A.S.A.E. Associazione Sindacale Autori Editori con sede legale c\/o Sabino Mogavero in Piazza Prealpi 4 Milano (MI) [c.f.: 97120320151], titolare del trattamento, intende informare gli utenti del sito\u00a0www.asae.it\u00a0di alcune informazioni relative ai cookie utilizzati.&hellip;<\/p>\n","protected":false},"author":1,"featured_media":0,"parent":0,"menu_order":0,"comment_status":"closed","ping_status":"closed","template":"","meta":{"footnotes":""},"class_list":["post-99","page","type-page","status-publish","hentry"],"_links":{"self":[{"href":"https:\/\/www.asae.it\/index.php\/wp-json\/wp\/v2\/pages\/99"}],"collection":[{"href":"https:\/\/www.asae.it\/index.php\/wp-json\/wp\/v2\/pages"}],"about":[{"href":"https:\/\/www.asae.it\/index.php\/wp-json\/wp\/v2\/types\/page"}],"author":[{"embeddable":true,"href":"https:\/\/www.asae.it\/index.php\/wp-json\/wp\/v2\/users\/1"}],"replies":[{"embeddable":true,"href":"https:\/\/www.asae.it\/index.php\/wp-json\/wp\/v2\/comments?post=99"}],"version-history":[{"count":6,"href":"https:\/\/www.asae.it\/index.php\/wp-json\/wp\/v2\/pages\/99\/revisions"}],"predecessor-version":[{"id":105,"href":"https:\/\/www.asae.it\/index.php\/wp-json\/wp\/v2\/pages\/99\/revisions\/105"}],"wp:attachment":[{"href":"https:\/\/www.asae.it\/index.php\/wp-json\/wp\/v2\/media?parent=99"}],"curies":[{"name":"wp","href":"https:\/\/api.w.org\/{rel}","templated":true}]}}